{"id":10,"date":"2025-12-05T17:54:46","date_gmt":"2025-12-05T17:54:46","guid":{"rendered":"https:\/\/auragernika.rkinformatika.online\/?page_id=10"},"modified":"2025-12-29T16:07:09","modified_gmt":"2025-12-29T16:07:09","slug":"inicio","status":"publish","type":"page","link":"https:\/\/auragernika.com\/eu\/","title":{"rendered":"Hasiera"},"content":{"rendered":"<div data-elementor-type=\"wp-page\" data-elementor-id=\"10\" class=\"elementor elementor-10\" data-elementor-post-type=\"page\">\n\t\t\t\t<div class=\"elementor-element elementor-element-de146f9 e-con-full e-flex e-con e-parent\" data-id=\"de146f9\" data-element_type=\"container\" data-e-type=\"container\" data-settings=\"{&quot;background_background&quot;:&quot;classic&quot;}\">\n\t\t<div class=\"elementor-element elementor-element-618b201 e-con-full e-flex e-con e-child\" data-id=\"618b201\" data-element_type=\"container\" data-e-type=\"container\">\n\t\t\t\t<\/div>\n\t\t\t\t<\/div>\n\t\t<div class=\"elementor-element elementor-element-48cb101 e-flex e-con-boxed e-con e-parent\" data-id=\"48cb101\" data-element_type=\"container\" data-e-type=\"container\" data-settings=\"{&quot;background_background&quot;:&quot;classic&quot;}\">\n\t\t\t\t\t<div class=\"e-con-inner\">\n\t\t<div class=\"elementor-element elementor-element-1816d23 e-con-full e-flex e-con e-child\" data-id=\"1816d23\" data-element_type=\"container\" data-e-type=\"container\">\n\t\t\t\t<div class=\"elementor-element elementor-element-1e65449 elementor-widget elementor-widget-image\" data-id=\"1e65449\" data-element_type=\"widget\" data-e-type=\"widget\" data-widget_type=\"image.default\">\n\t\t\t\t\t\t\t\t\t\t\t\t\t\t\t<img fetchpriority=\"high\" decoding=\"async\" width=\"652\" height=\"1024\" src=\"https:\/\/auragernika.com\/wp-content\/uploads\/2025\/12\/aura2.2-652x1024.png\" class=\"attachment-large size-large wp-image-224\" alt=\"\" srcset=\"https:\/\/auragernika.com\/wp-content\/uploads\/2025\/12\/aura2.2-652x1024.png 652w, https:\/\/auragernika.com\/wp-content\/uploads\/2025\/12\/aura2.2-191x300.png 191w, https:\/\/auragernika.com\/wp-content\/uploads\/2025\/12\/aura2.2-8x12.png 8w, https:\/\/auragernika.com\/wp-content\/uploads\/2025\/12\/aura2.2.png 700w\" sizes=\"(max-width: 652px) 100vw, 652px\" \/>\t\t\t\t\t\t\t\t\t\t\t\t\t\t\t<\/div>\n\t\t\t\t<\/div>\n\t\t<div class=\"elementor-element elementor-element-2f76725 e-con-full e-flex e-con e-child\" data-id=\"2f76725\" data-element_type=\"container\" data-e-type=\"container\">\n\t\t\t\t<div class=\"elementor-element elementor-element-18713a5 elementor-widget elementor-widget-heading\" data-id=\"18713a5\" data-element_type=\"widget\" data-e-type=\"widget\" data-widget_type=\"heading.default\">\n\t\t\t\t\t<h2 class=\"elementor-heading-title elementor-size-default\">Guri Buruz<\/h2>\t\t\t\t<\/div>\n\t\t\t\t<div class=\"elementor-element elementor-element-13bea64 elementor-widget elementor-widget-text-editor\" data-id=\"13bea64\" data-element_type=\"widget\" data-e-type=\"widget\" data-widget_type=\"text-editor.default\">\n\t\t\t\t\t\t\t\t\t<p>Aura 2015ean sortu zen, modaren mundua pixka bat eraldatzeko asmoz. Denda espazio bihurtu nahi nuen, jendea berezi sentitzeko, eta arropa eta nortasuna bat izateko.<\/p><p>Kontua ez da moda, baizik eta desberdintasuna markatzea eta zure estiloa libre uztea.<\/p>\t\t\t\t\t\t\t\t<\/div>\n\t\t\t\t<\/div>\n\t\t\t\t\t<\/div>\n\t\t\t\t<\/div>\n\t\t<div class=\"elementor-element elementor-element-d83956e e-flex e-con-boxed e-con e-parent\" data-id=\"d83956e\" data-element_type=\"container\" data-e-type=\"container\">\n\t\t\t\t\t<div class=\"e-con-inner\">\n\t\t\t\t<div class=\"elementor-element elementor-element-72ff455 elementor-widget elementor-widget-heading\" data-id=\"72ff455\" data-element_type=\"widget\" data-e-type=\"widget\" data-widget_type=\"heading.default\">\n\t\t\t\t\t<h2 class=\"elementor-heading-title elementor-size-default\">Moda baino gehiago, ezberdintasuna markatzen duten esperientziak.<\/h2>\t\t\t\t<\/div>\n\t\t\t\t\t<\/div>\n\t\t\t\t<\/div>\n\t\t<div class=\"elementor-element elementor-element-17082d4 e-flex e-con-boxed e-con e-parent\" data-id=\"17082d4\" data-element_type=\"container\" data-e-type=\"container\">\n\t\t\t\t\t<div class=\"e-con-inner\">\n\t\t<div class=\"elementor-element elementor-element-41437e9 e-con-full e-flex e-con e-child\" data-id=\"41437e9\" data-element_type=\"container\" data-e-type=\"container\" data-settings=\"{&quot;background_background&quot;:&quot;classic&quot;}\">\n\t\t\t\t<div class=\"elementor-element elementor-element-a81f85f elementor-widget elementor-widget-heading\" data-id=\"a81f85f\" data-element_type=\"widget\" data-e-type=\"widget\" data-widget_type=\"heading.default\">\n\t\t\t\t\t<h2 class=\"elementor-heading-title elementor-size-default\">ARROPAK<\/h2>\t\t\t\t<\/div>\n\t\t\t\t<div class=\"elementor-element elementor-element-8b8050c elementor-widget elementor-widget-text-editor\" data-id=\"8b8050c\" data-element_type=\"widget\" data-e-type=\"widget\" data-widget_type=\"text-editor.default\">\n\t\t\t\t\t\t\t\t\t<p>Soinekoak, jertseak, berokiak, prakak, blusak, kamisetak eta gonak<\/p>\t\t\t\t\t\t\t\t<\/div>\n\t\t\t\t<\/div>\n\t\t<div class=\"elementor-element elementor-element-dd4d99f e-con-full e-flex e-con e-child\" data-id=\"dd4d99f\" data-element_type=\"container\" data-e-type=\"container\" data-settings=\"{&quot;background_background&quot;:&quot;classic&quot;}\">\n\t\t\t\t<div class=\"elementor-element elementor-element-cb6f893 elementor-widget elementor-widget-heading\" data-id=\"cb6f893\" data-element_type=\"widget\" data-e-type=\"widget\" data-widget_type=\"heading.default\">\n\t\t\t\t\t<h2 class=\"elementor-heading-title elementor-size-default\">OINETAKOAK<\/h2>\t\t\t\t<\/div>\n\t\t\t\t<div class=\"elementor-element elementor-element-ec6465f elementor-widget elementor-widget-text-editor\" data-id=\"ec6465f\" data-element_type=\"widget\" data-e-type=\"widget\" data-widget_type=\"text-editor.default\">\n\t\t\t\t\t\t\t\t\t<p>Botak, zapatilak eta sandaliak.<\/p>\t\t\t\t\t\t\t\t<\/div>\n\t\t\t\t<\/div>\n\t\t<div class=\"elementor-element elementor-element-44a5bac e-con-full e-flex e-con e-child\" data-id=\"44a5bac\" data-element_type=\"container\" data-e-type=\"container\" data-settings=\"{&quot;background_background&quot;:&quot;classic&quot;}\">\n\t\t\t\t<div class=\"elementor-element elementor-element-31d9573 elementor-widget elementor-widget-heading\" data-id=\"31d9573\" data-element_type=\"widget\" data-e-type=\"widget\" data-widget_type=\"heading.default\">\n\t\t\t\t\t<h2 class=\"elementor-heading-title elementor-size-default\">OSAGARRIAK<\/h2>\t\t\t\t<\/div>\n\t\t\t\t<div class=\"elementor-element elementor-element-a8c0b5b elementor-widget elementor-widget-text-editor\" data-id=\"a8c0b5b\" data-element_type=\"widget\" data-e-type=\"widget\" data-widget_type=\"text-editor.default\">\n\t\t\t\t\t\t\t\t\t<p>Kapelak, poltsak, eraztunak, lepokoak, belarritakoak, diru-zorroak eta gerrikoak.<\/p>\t\t\t\t\t\t\t\t<\/div>\n\t\t\t\t<\/div>\n\t\t\t\t\t<\/div>\n\t\t\t\t<\/div>\n\t\t<div class=\"elementor-element elementor-element-783739b e-flex e-con-boxed e-con e-parent\" data-id=\"783739b\" data-element_type=\"container\" data-e-type=\"container\">\n\t\t\t\t\t<div class=\"e-con-inner\">\n\t\t\t\t<div class=\"elementor-element elementor-element-a85544c elementor-widget elementor-widget-gallery\" data-id=\"a85544c\" data-element_type=\"widget\" data-e-type=\"widget\" data-settings=\"{&quot;gallery_layout&quot;:&quot;justified&quot;,&quot;ideal_row_height&quot;:{&quot;unit&quot;:&quot;px&quot;,&quot;size&quot;:400,&quot;sizes&quot;:[]},&quot;ideal_row_height_tablet&quot;:{&quot;unit&quot;:&quot;px&quot;,&quot;size&quot;:250,&quot;sizes&quot;:[]},&quot;ideal_row_height_mobile&quot;:{&quot;unit&quot;:&quot;px&quot;,&quot;size&quot;:305,&quot;sizes&quot;:[]},&quot;lazyload&quot;:&quot;yes&quot;,&quot;gap&quot;:{&quot;unit&quot;:&quot;px&quot;,&quot;size&quot;:10,&quot;sizes&quot;:[]},&quot;gap_tablet&quot;:{&quot;unit&quot;:&quot;px&quot;,&quot;size&quot;:10,&quot;sizes&quot;:[]},&quot;gap_mobile&quot;:{&quot;unit&quot;:&quot;px&quot;,&quot;size&quot;:10,&quot;sizes&quot;:[]},&quot;link_to&quot;:&quot;file&quot;,&quot;overlay_background&quot;:&quot;yes&quot;,&quot;content_hover_animation&quot;:&quot;fade-in&quot;}\" data-widget_type=\"gallery.default\">\n\t\t\t\t\t\t\t<div class=\"elementor-gallery__container\">\n\t\t\t\t\t\t\t<a class=\"e-gallery-item elementor-gallery-item elementor-animated-content\" href=\"https:\/\/auragernika.com\/wp-content\/uploads\/2025\/12\/aura2.5.png\" data-elementor-open-lightbox=\"yes\" data-elementor-lightbox-slideshow=\"a85544c\" data-elementor-lightbox-title=\"aura2.5\" data-e-action-hash=\"#elementor-action%3Aaction%3Dlightbox%26settings%3DeyJpZCI6MjUyLCJ1cmwiOiJodHRwczpcL1wvYXVyYWdlcm5pa2EuY29tXC93cC1jb250ZW50XC91cGxvYWRzXC8yMDI1XC8xMlwvYXVyYTIuNS5wbmciLCJzbGlkZXNob3ciOiJhODU1NDRjIn0%3D\">\n\t\t\t\t\t<div class=\"e-gallery-image elementor-gallery-item__image\" data-thumbnail=\"https:\/\/auragernika.com\/wp-content\/uploads\/2025\/12\/aura2.5.png\" data-width=\"700\" data-height=\"1000\" aria-label=\"\" role=\"img\" ><\/div>\n\t\t\t\t\t\t\t\t\t\t\t<div class=\"elementor-gallery-item__overlay\"><\/div>\n\t\t\t\t\t\t\t\t\t\t\t\t\t\t<\/a>\n\t\t\t\t\t\t\t<a class=\"e-gallery-item elementor-gallery-item elementor-animated-content\" href=\"https:\/\/auragernika.com\/wp-content\/uploads\/2025\/12\/aura2.4.png\" data-elementor-open-lightbox=\"yes\" data-elementor-lightbox-slideshow=\"a85544c\" data-elementor-lightbox-title=\"aura2.4\" data-e-action-hash=\"#elementor-action%3Aaction%3Dlightbox%26settings%3DeyJpZCI6MjUxLCJ1cmwiOiJodHRwczpcL1wvYXVyYWdlcm5pa2EuY29tXC93cC1jb250ZW50XC91cGxvYWRzXC8yMDI1XC8xMlwvYXVyYTIuNC5wbmciLCJzbGlkZXNob3ciOiJhODU1NDRjIn0%3D\">\n\t\t\t\t\t<div class=\"e-gallery-image elementor-gallery-item__image\" data-thumbnail=\"https:\/\/auragernika.com\/wp-content\/uploads\/2025\/12\/aura2.4.png\" data-width=\"700\" data-height=\"1000\" aria-label=\"\" role=\"img\" ><\/div>\n\t\t\t\t\t\t\t\t\t\t\t<div class=\"elementor-gallery-item__overlay\"><\/div>\n\t\t\t\t\t\t\t\t\t\t\t\t\t\t<\/a>\n\t\t\t\t\t\t\t<a class=\"e-gallery-item elementor-gallery-item elementor-animated-content\" href=\"https:\/\/auragernika.com\/wp-content\/uploads\/2025\/12\/aura2.6.png\" data-elementor-open-lightbox=\"yes\" data-elementor-lightbox-slideshow=\"a85544c\" data-elementor-lightbox-title=\"aura2.6\" data-e-action-hash=\"#elementor-action%3Aaction%3Dlightbox%26settings%3DeyJpZCI6MjUzLCJ1cmwiOiJodHRwczpcL1wvYXVyYWdlcm5pa2EuY29tXC93cC1jb250ZW50XC91cGxvYWRzXC8yMDI1XC8xMlwvYXVyYTIuNi5wbmciLCJzbGlkZXNob3ciOiJhODU1NDRjIn0%3D\">\n\t\t\t\t\t<div class=\"e-gallery-image elementor-gallery-item__image\" data-thumbnail=\"https:\/\/auragernika.com\/wp-content\/uploads\/2025\/12\/aura2.6.png\" data-width=\"700\" data-height=\"1000\" aria-label=\"\" role=\"img\" ><\/div>\n\t\t\t\t\t\t\t\t\t\t\t<div class=\"elementor-gallery-item__overlay\"><\/div>\n\t\t\t\t\t\t\t\t\t\t\t\t\t\t<\/a>\n\t\t\t\t\t\t\t<a class=\"e-gallery-item elementor-gallery-item elementor-animated-content\" href=\"https:\/\/auragernika.com\/wp-content\/uploads\/2025\/12\/aura1.7.png\" data-elementor-open-lightbox=\"yes\" data-elementor-lightbox-slideshow=\"a85544c\" data-elementor-lightbox-title=\"aura1.7\" data-e-action-hash=\"#elementor-action%3Aaction%3Dlightbox%26settings%3DeyJpZCI6MzQ2LCJ1cmwiOiJodHRwczpcL1wvYXVyYWdlcm5pa2EuY29tXC93cC1jb250ZW50XC91cGxvYWRzXC8yMDI1XC8xMlwvYXVyYTEuNy5wbmciLCJzbGlkZXNob3ciOiJhODU1NDRjIn0%3D\">\n\t\t\t\t\t<div class=\"e-gallery-image elementor-gallery-item__image\" data-thumbnail=\"https:\/\/auragernika.com\/wp-content\/uploads\/2025\/12\/aura1.7.png\" data-width=\"700\" data-height=\"1000\" aria-label=\"\" role=\"img\" ><\/div>\n\t\t\t\t\t\t\t\t\t\t\t<div class=\"elementor-gallery-item__overlay\"><\/div>\n\t\t\t\t\t\t\t\t\t\t\t\t\t\t<\/a>\n\t\t\t\t\t<\/div>\n\t\t\t\t\t<\/div>\n\t\t\t\t\t<\/div>\n\t\t\t\t<\/div>\n\t\t\t\t<\/div>","protected":false},"excerpt":{"rendered":"<p>Sobre nosotros Aura surgi\u00f3 en el a\u00f1o 2015 con la idea de transformar un poco el mundo de la moda. Quer\u00eda hacer de la tienda un espacio donde la gente se sintiera especial, y donde la ropa y la personalidad fueran uno. No se trata de moda, sino de marcar la diferencia y dejar que [&hellip;]<\/p>\n","protected":false},"author":1,"featured_media":0,"parent":0,"menu_order":0,"comment_status":"closed","ping_status":"closed","template":"elementor_canvas","meta":{"footnotes":""},"class_list":["post-10","page","type-page","status-publish","hentry"],"yoast_head":"<!-- This site is optimized with the Yoast SEO plugin v27.4 - https:\/\/yoast.com\/product\/yoast-seo-wordpress\/ -->\n<title>Inicio - Aura Gernika<\/title>\n<meta name=\"robots\" content=\"index, follow, max-snippet:-1, max-image-preview:large, max-video-preview:-1\" \/>\n<link rel=\"canonical\" href=\"https:\/\/auragernika.com\/eu\/\" \/>\n<meta property=\"og:locale\" content=\"en_US\" \/>\n<meta property=\"og:type\" content=\"article\" \/>\n<meta property=\"og:title\" content=\"Inicio - Aura Gernika\" \/>\n<meta property=\"og:description\" content=\"Sobre nosotros Aura surgi\u00f3 en el a\u00f1o 2015 con la idea de transformar un poco el mundo de la moda. Quer\u00eda hacer de la tienda un espacio donde la gente se sintiera especial, y donde la ropa y la personalidad fueran uno. No se trata de moda, sino de marcar la diferencia y dejar que [&hellip;]\" \/>\n<meta property=\"og:url\" content=\"https:\/\/auragernika.com\/eu\/\" \/>\n<meta property=\"og:site_name\" content=\"Aura Gernika\" \/>\n<meta property=\"article:modified_time\" content=\"2025-12-29T16:07:09+00:00\" \/>\n<meta property=\"og:image\" content=\"https:\/\/auragernika.com\/wp-content\/uploads\/2025\/12\/aura2.2-652x1024.png\" \/>\n<meta name=\"twitter:card\" content=\"summary_large_image\" \/>\n<meta name=\"twitter:label1\" content=\"Est. reading time\" \/>\n\t<meta name=\"twitter:data1\" content=\"1 minutua\" \/>\n<script type=\"application\/ld+json\" class=\"yoast-schema-graph\">{\"@context\":\"https:\\\/\\\/schema.org\",\"@graph\":[{\"@type\":\"WebPage\",\"@id\":\"https:\\\/\\\/auragernika.com\\\/\",\"url\":\"https:\\\/\\\/auragernika.com\\\/\",\"name\":\"Inicio - Aura Gernika\",\"isPartOf\":{\"@id\":\"https:\\\/\\\/auragernika.com\\\/#website\"},\"primaryImageOfPage\":{\"@id\":\"https:\\\/\\\/auragernika.com\\\/#primaryimage\"},\"image\":{\"@id\":\"https:\\\/\\\/auragernika.com\\\/#primaryimage\"},\"thumbnailUrl\":\"https:\\\/\\\/auragernika.com\\\/wp-content\\\/uploads\\\/2025\\\/12\\\/aura2.2-652x1024.png\",\"datePublished\":\"2025-12-05T17:54:46+00:00\",\"dateModified\":\"2025-12-29T16:07:09+00:00\",\"breadcrumb\":{\"@id\":\"https:\\\/\\\/auragernika.com\\\/#breadcrumb\"},\"inLanguage\":\"eu\",\"potentialAction\":[{\"@type\":\"ReadAction\",\"target\":[\"https:\\\/\\\/auragernika.com\\\/\"]}]},{\"@type\":\"ImageObject\",\"inLanguage\":\"eu\",\"@id\":\"https:\\\/\\\/auragernika.com\\\/#primaryimage\",\"url\":\"https:\\\/\\\/auragernika.com\\\/wp-content\\\/uploads\\\/2025\\\/12\\\/aura2.2-652x1024.png\",\"contentUrl\":\"https:\\\/\\\/auragernika.com\\\/wp-content\\\/uploads\\\/2025\\\/12\\\/aura2.2-652x1024.png\"},{\"@type\":\"BreadcrumbList\",\"@id\":\"https:\\\/\\\/auragernika.com\\\/#breadcrumb\",\"itemListElement\":[{\"@type\":\"ListItem\",\"position\":1,\"name\":\"Portada\",\"item\":\"https:\\\/\\\/auragernika.com\\\/\"},{\"@type\":\"ListItem\",\"position\":2,\"name\":\"Inicio\"}]},{\"@type\":\"WebSite\",\"@id\":\"https:\\\/\\\/auragernika.com\\\/#website\",\"url\":\"https:\\\/\\\/auragernika.com\\\/\",\"name\":\"Aura Gernika\",\"description\":\"Ropa y complementos\",\"publisher\":{\"@id\":\"https:\\\/\\\/auragernika.com\\\/#organization\"},\"potentialAction\":[{\"@type\":\"SearchAction\",\"target\":{\"@type\":\"EntryPoint\",\"urlTemplate\":\"https:\\\/\\\/auragernika.com\\\/?s={search_term_string}\"},\"query-input\":{\"@type\":\"PropertyValueSpecification\",\"valueRequired\":true,\"valueName\":\"search_term_string\"}}],\"inLanguage\":\"eu\"},{\"@type\":\"Organization\",\"@id\":\"https:\\\/\\\/auragernika.com\\\/#organization\",\"name\":\"Aura Gernika\",\"url\":\"https:\\\/\\\/auragernika.com\\\/\",\"logo\":{\"@type\":\"ImageObject\",\"inLanguage\":\"eu\",\"@id\":\"https:\\\/\\\/auragernika.com\\\/#\\\/schema\\\/logo\\\/image\\\/\",\"url\":\"https:\\\/\\\/auragernika.com\\\/wp-content\\\/uploads\\\/2025\\\/12\\\/cropped-Diseno-sin-titulo-1.png\",\"contentUrl\":\"https:\\\/\\\/auragernika.com\\\/wp-content\\\/uploads\\\/2025\\\/12\\\/cropped-Diseno-sin-titulo-1.png\",\"width\":495,\"height\":493,\"caption\":\"Aura Gernika\"},\"image\":{\"@id\":\"https:\\\/\\\/auragernika.com\\\/#\\\/schema\\\/logo\\\/image\\\/\"}}]}<\/script>\n<!-- \/ Yoast SEO plugin. -->","yoast_head_json":{"title":"Inicio - Aura Gernika","robots":{"index":"index","follow":"follow","max-snippet":"max-snippet:-1","max-image-preview":"max-image-preview:large","max-video-preview":"max-video-preview:-1"},"canonical":"https:\/\/auragernika.com\/eu\/","og_locale":"en_US","og_type":"article","og_title":"Inicio - Aura Gernika","og_description":"Sobre nosotros Aura surgi\u00f3 en el a\u00f1o 2015 con la idea de transformar un poco el mundo de la moda. Quer\u00eda hacer de la tienda un espacio donde la gente se sintiera especial, y donde la ropa y la personalidad fueran uno. No se trata de moda, sino de marcar la diferencia y dejar que [&hellip;]","og_url":"https:\/\/auragernika.com\/eu\/","og_site_name":"Aura Gernika","article_modified_time":"2025-12-29T16:07:09+00:00","og_image":[{"url":"https:\/\/auragernika.com\/wp-content\/uploads\/2025\/12\/aura2.2-652x1024.png","type":"","width":"","height":""}],"twitter_card":"summary_large_image","twitter_misc":{"Est. reading time":"1 minutua"},"schema":{"@context":"https:\/\/schema.org","@graph":[{"@type":"WebPage","@id":"https:\/\/auragernika.com\/","url":"https:\/\/auragernika.com\/","name":"Inicio - Aura Gernika","isPartOf":{"@id":"https:\/\/auragernika.com\/#website"},"primaryImageOfPage":{"@id":"https:\/\/auragernika.com\/#primaryimage"},"image":{"@id":"https:\/\/auragernika.com\/#primaryimage"},"thumbnailUrl":"https:\/\/auragernika.com\/wp-content\/uploads\/2025\/12\/aura2.2-652x1024.png","datePublished":"2025-12-05T17:54:46+00:00","dateModified":"2025-12-29T16:07:09+00:00","breadcrumb":{"@id":"https:\/\/auragernika.com\/#breadcrumb"},"inLanguage":"eu","potentialAction":[{"@type":"ReadAction","target":["https:\/\/auragernika.com\/"]}]},{"@type":"ImageObject","inLanguage":"eu","@id":"https:\/\/auragernika.com\/#primaryimage","url":"https:\/\/auragernika.com\/wp-content\/uploads\/2025\/12\/aura2.2-652x1024.png","contentUrl":"https:\/\/auragernika.com\/wp-content\/uploads\/2025\/12\/aura2.2-652x1024.png"},{"@type":"BreadcrumbList","@id":"https:\/\/auragernika.com\/#breadcrumb","itemListElement":[{"@type":"ListItem","position":1,"name":"Portada","item":"https:\/\/auragernika.com\/"},{"@type":"ListItem","position":2,"name":"Inicio"}]},{"@type":"WebSite","@id":"https:\/\/auragernika.com\/#website","url":"https:\/\/auragernika.com\/","name":"Aura Gernika","description":"Ropa y complementos","publisher":{"@id":"https:\/\/auragernika.com\/#organization"},"potentialAction":[{"@type":"SearchAction","target":{"@type":"EntryPoint","urlTemplate":"https:\/\/auragernika.com\/?s={search_term_string}"},"query-input":{"@type":"PropertyValueSpecification","valueRequired":true,"valueName":"search_term_string"}}],"inLanguage":"eu"},{"@type":"Organization","@id":"https:\/\/auragernika.com\/#organization","name":"Aura Gernika","url":"https:\/\/auragernika.com\/","logo":{"@type":"ImageObject","inLanguage":"eu","@id":"https:\/\/auragernika.com\/#\/schema\/logo\/image\/","url":"https:\/\/auragernika.com\/wp-content\/uploads\/2025\/12\/cropped-Diseno-sin-titulo-1.png","contentUrl":"https:\/\/auragernika.com\/wp-content\/uploads\/2025\/12\/cropped-Diseno-sin-titulo-1.png","width":495,"height":493,"caption":"Aura Gernika"},"image":{"@id":"https:\/\/auragernika.com\/#\/schema\/logo\/image\/"}}]}},"_links":{"self":[{"href":"https:\/\/auragernika.com\/eu\/wp-json\/wp\/v2\/pages\/10","targetHints":{"allow":["GET"]}}],"collection":[{"href":"https:\/\/auragernika.com\/eu\/wp-json\/wp\/v2\/pages"}],"about":[{"href":"https:\/\/auragernika.com\/eu\/wp-json\/wp\/v2\/types\/page"}],"author":[{"embeddable":true,"href":"https:\/\/auragernika.com\/eu\/wp-json\/wp\/v2\/users\/1"}],"replies":[{"embeddable":true,"href":"https:\/\/auragernika.com\/eu\/wp-json\/wp\/v2\/comments?post=10"}],"version-history":[{"count":112,"href":"https:\/\/auragernika.com\/eu\/wp-json\/wp\/v2\/pages\/10\/revisions"}],"predecessor-version":[{"id":355,"href":"https:\/\/auragernika.com\/eu\/wp-json\/wp\/v2\/pages\/10\/revisions\/355"}],"wp:attachment":[{"href":"https:\/\/auragernika.com\/eu\/wp-json\/wp\/v2\/media?parent=10"}],"curies":[{"name":"wp","href":"https:\/\/api.w.org\/{rel}","templated":true}]}}